{"id":334,"date":"2025-09-25T17:38:54","date_gmt":"2025-09-25T17:38:54","guid":{"rendered":"https:\/\/frederiquebenoit.ca\/?page_id=334"},"modified":"2025-09-25T21:14:05","modified_gmt":"2025-09-25T21:14:05","slug":"lancement","status":"publish","type":"page","link":"https:\/\/frederiquebenoit.ca\/","title":{"rendered":"Lancement"},"content":{"rendered":"\t\t<div data-elementor-type=\"wp-page\" data-elementor-id=\"334\" class=\"elementor elementor-334\" data-elementor-post-type=\"page\">\n\t\t\t\t<div class=\"elementor-element elementor-element-f4191b9 e-flex e-con-boxed e-con e-parent\" data-id=\"f4191b9\" data-element_type=\"container\" data-settings=\"{&quot;background_background&quot;:&quot;classic&quot;}\">\n\t\t\t\t\t<div class=\"e-con-inner\">\n\t\t<div class=\"elementor-element elementor-element-eb05fc1 e-con-full e-flex e-con e-child\" data-id=\"eb05fc1\" data-element_type=\"container\">\n\t\t\t\t<div class=\"elementor-element elementor-element-fa558ec elementor-widget elementor-widget-image\" data-id=\"fa558ec\" data-element_type=\"widget\" data-widget_type=\"image.default\">\n\t\t\t\t<div class=\"elementor-widget-container\">\n\t\t\t\t\t\t\t\t\t\t\t\t\t\t\t<img fetchpriority=\"high\" decoding=\"async\" width=\"800\" height=\"464\" src=\"https:\/\/frederiquebenoit.ca\/wp-content\/uploads\/2025\/09\/Logos-footer-2-1024x594.png\" class=\"attachment-large size-large wp-image-274\" alt=\"\" srcset=\"https:\/\/frederiquebenoit.ca\/wp-content\/uploads\/2025\/09\/Logos-footer-2-1024x594.png 1024w, https:\/\/frederiquebenoit.ca\/wp-content\/uploads\/2025\/09\/Logos-footer-2-300x174.png 300w, https:\/\/frederiquebenoit.ca\/wp-content\/uploads\/2025\/09\/Logos-footer-2-768x446.png 768w, https:\/\/frederiquebenoit.ca\/wp-content\/uploads\/2025\/09\/Logos-footer-2.png 1491w\" sizes=\"(max-width: 800px) 100vw, 800px\" \/>\t\t\t\t\t\t\t\t\t\t\t\t\t\t\t<\/div>\n\t\t\t\t<\/div>\n\t\t<div class=\"elementor-element elementor-element-af14d1f e-con-full e-flex e-con e-child\" data-id=\"af14d1f\" data-element_type=\"container\">\n\t\t\t\t<div class=\"elementor-element elementor-element-f38019f elementor-widget elementor-widget-text-editor\" data-id=\"f38019f\" data-element_type=\"widget\" data-widget_type=\"text-editor.default\">\n\t\t\t\t<div class=\"elementor-widget-container\">\n\t\t\t\t\t\t\t\t\t<p class=\"p1\"><b>Aligne ton activit\u00e9 \u00e0 la puissance des phases lunaires et transforme ta marque en une identit\u00e9e percutante.<\/b><\/p>\t\t\t\t\t\t\t\t<\/div>\n\t\t\t\t<\/div>\n\t\t\t\t<div class=\"elementor-element elementor-element-fdb92ab elementor-align-center animated-slow elementor-invisible elementor-widget elementor-widget-button\" data-id=\"fdb92ab\" data-element_type=\"widget\" data-settings=\"{&quot;_animation&quot;:&quot;fadeIn&quot;,&quot;_animation_delay&quot;:333}\" data-widget_type=\"button.default\">\n\t\t\t\t<div class=\"elementor-widget-container\">\n\t\t\t\t\t\t\t\t\t<div class=\"elementor-button-wrapper\">\n\t\t\t\t\t<a class=\"elementor-button elementor-button-link elementor-size-sm\" href=\"#avis-lancement\">\n\t\t\t\t\t\t<span class=\"elementor-button-content-wrapper\">\n\t\t\t\t\t\t\t\t\t<span class=\"elementor-button-text\">M'aviser du lancement<\/span>\n\t\t\t\t\t<\/span>\n\t\t\t\t\t<\/a>\n\t\t\t\t<\/div>\n\t\t\t\t\t\t\t\t<\/div>\n\t\t\t\t<\/div>\n\t\t\t\t<\/div>\n\t\t\t\t<\/div>\n\t\t\t\t\t<\/div>\n\t\t\t\t<\/div>\n\t\t<div class=\"elementor-element elementor-element-7937812 e-con-full e-flex e-con e-parent\" data-id=\"7937812\" data-element_type=\"container\" id=\"fullpage\">\n\t\t<div class=\"elementor-element elementor-element-937226c section e-flex e-con-boxed e-con e-child\" data-id=\"937226c\" data-element_type=\"container\" id=\"section1\" data-settings=\"{&quot;background_background&quot;:&quot;classic&quot;}\">\n\t\t\t\t\t<div class=\"e-con-inner\">\n\t\t<div class=\"elementor-element elementor-element-dac90c0 e-con-full elementor-hidden-tablet elementor-hidden-mobile e-flex e-con e-child\" data-id=\"dac90c0\" data-element_type=\"container\">\n\t\t\t\t<\/div>\n\t\t\t\t<div class=\"elementor-element elementor-element-59b62dd elementor-widget elementor-widget-heading\" data-id=\"59b62dd\" data-element_type=\"widget\" data-widget_type=\"heading.default\">\n\t\t\t\t<div class=\"elementor-widget-container\">\n\t\t\t\t\t<h2 class=\"elementor-heading-title elementor-size-default\">Les secrets de la lune<\/h2>\t\t\t\t<\/div>\n\t\t\t\t<\/div>\n\t\t\t\t<div class=\"elementor-element elementor-element-27b18a1 elementor-widget elementor-widget-premium-addon-title\" data-id=\"27b18a1\" data-element_type=\"widget\" data-widget_type=\"premium-addon-title.default\">\n\t\t\t\t<div class=\"elementor-widget-container\">\n\t\t\t\t\t\n\t\t<div class=\"premium-title-container style9\">\n\t\t\t<h2 class=\"premium-title-header premium-title-style9 premium-con-lq__\" data-blur-delay=\"2\">\n\t\t\t\t\n\t\t\t\t\n\t\t\t\t\t\t\t\t<span><span class=\"premium-title-style9-letter\" data-letter-index=\"1\" data-letter=\"D\">D<\/span><span class=\"premium-title-style9-letter\" data-letter-index=\"2\" data-letter=\"\u00e9\">\u00e9<\/span><span class=\"premium-title-style9-letter\" data-letter-index=\"3\" data-letter=\"v\">v<\/span><span class=\"premium-title-style9-letter\" data-letter-index=\"4\" data-letter=\"o\">o<\/span><span class=\"premium-title-style9-letter\" data-letter-index=\"5\" data-letter=\"i\">i<\/span><span class=\"premium-title-style9-letter\" data-letter-index=\"6\" data-letter=\"l\">l<\/span><span class=\"premium-title-style9-letter\" data-letter-index=\"7\" data-letter=\"\u00e9\">\u00e9<\/span><span class=\"premium-title-style9-letter\" data-letter-index=\"8\" data-letter=\"s\">s<\/span><\/span>\t\t\t\t\n\t\t\t\t\t\t\t\t\t\t\t<\/h2>\n\t\t<\/div>\n\n\t\t\t\t\t\t<\/div>\n\t\t\t\t<\/div>\n\t\t\t\t<div class=\"elementor-element elementor-element-932bc33 elementor-widget elementor-widget-image\" data-id=\"932bc33\" data-element_type=\"widget\" id=\"moon\" data-widget_type=\"image.default\">\n\t\t\t\t<div class=\"elementor-widget-container\">\n\t\t\t\t\t\t\t\t\t\t\t\t\t\t\t<img decoding=\"async\" width=\"800\" height=\"427\" src=\"https:\/\/frederiquebenoit.ca\/wp-content\/uploads\/2025\/09\/Image-2-1024x546.png\" class=\"attachment-large size-large wp-image-229\" alt=\"\" srcset=\"https:\/\/frederiquebenoit.ca\/wp-content\/uploads\/2025\/09\/Image-2-1024x546.png 1024w, https:\/\/frederiquebenoit.ca\/wp-content\/uploads\/2025\/09\/Image-2-300x160.png 300w, https:\/\/frederiquebenoit.ca\/wp-content\/uploads\/2025\/09\/Image-2-768x409.png 768w, https:\/\/frederiquebenoit.ca\/wp-content\/uploads\/2025\/09\/Image-2-1536x819.png 1536w, https:\/\/frederiquebenoit.ca\/wp-content\/uploads\/2025\/09\/Image-2.png 1688w\" sizes=\"(max-width: 800px) 100vw, 800px\" \/>\t\t\t\t\t\t\t\t\t\t\t\t\t\t\t<\/div>\n\t\t\t\t<\/div>\n\t\t\t\t\t<\/div>\n\t\t\t\t<\/div>\n\t\t<div class=\"elementor-element elementor-element-09bfb9b animated-slow e-con-full e-flex elementor-invisible e-con e-child\" data-id=\"09bfb9b\" data-element_type=\"container\" data-settings=\"{&quot;background_background&quot;:&quot;classic&quot;,&quot;animation&quot;:&quot;fadeInUp&quot;}\">\n\t\t\t\t<\/div>\n\t\t\t\t<\/div>\n\t\t<div class=\"elementor-element elementor-element-6c06de52 e-flex e-con-boxed e-con e-parent\" data-id=\"6c06de52\" data-element_type=\"container\" id=\"avis-lancement\" data-settings=\"{&quot;background_background&quot;:&quot;classic&quot;}\">\n\t\t\t\t\t<div class=\"e-con-inner\">\n\t\t<div class=\"elementor-element elementor-element-12fa06b6 e-con-full e-flex elementor-invisible e-con e-child\" data-id=\"12fa06b6\" data-element_type=\"container\" data-settings=\"{&quot;animation&quot;:&quot;fadeInLeft&quot;}\">\n\t\t\t\t<div class=\"elementor-element elementor-element-4b11ef04 elementor-widget elementor-widget-heading\" data-id=\"4b11ef04\" data-element_type=\"widget\" data-widget_type=\"heading.default\">\n\t\t\t\t<div class=\"elementor-widget-container\">\n\t\t\t\t\t<h2 class=\"elementor-heading-title elementor-size-default\">Ne manque pas le lancement du guide Moonshot !<\/h2>\t\t\t\t<\/div>\n\t\t\t\t<\/div>\n\t\t\t\t<div class=\"elementor-element elementor-element-f7db148 elementor-widget elementor-widget-text-editor\" data-id=\"f7db148\" data-element_type=\"widget\" data-widget_type=\"text-editor.default\">\n\t\t\t\t<div class=\"elementor-widget-container\">\n\t\t\t\t\t\t\t\t\t<p>Le guide <b>Moonshot<\/b> est ton alli\u00e9 pour transformer tes r\u00eaves en r\u00e9alit\u00e9. Il s&rsquo;agit d&rsquo;un guide pratique de d\u00e9veloppement personnel et professionnel qui s&rsquo;appuie sur le cycle lunaire.<\/p><p>D\u00e9couvre comment utiliser l&rsquo;\u00e9nergie des 8 phases de la lune pour planifier, agir et atteindre tes buts, une phase \u00e0 la fois.<\/p>\t\t\t\t\t\t\t\t<\/div>\n\t\t\t\t<\/div>\n\t\t\t\t<div class=\"elementor-element elementor-element-59cc438a elementor-widget elementor-widget-heading\" data-id=\"59cc438a\" data-element_type=\"widget\" data-widget_type=\"heading.default\">\n\t\t\t\t<div class=\"elementor-widget-container\">\n\t\t\t\t\t<h4 class=\"elementor-heading-title elementor-size-default\">Reste en contact<\/h4>\t\t\t\t<\/div>\n\t\t\t\t<\/div>\n\t\t\t\t<div class=\"elementor-element elementor-element-fa5c7b1 elementor-shape-circle elementor-grid-0 elementor-widget elementor-widget-social-icons\" data-id=\"fa5c7b1\" data-element_type=\"widget\" data-widget_type=\"social-icons.default\">\n\t\t\t\t<div class=\"elementor-widget-container\">\n\t\t\t\t\t\t\t<div class=\"elementor-social-icons-wrapper elementor-grid\">\n\t\t\t\t\t\t\t<span class=\"elementor-grid-item\">\n\t\t\t\t\t<a class=\"elementor-icon elementor-social-icon elementor-social-icon-facebook-f elementor-animation-pop elementor-repeater-item-c8c89fb\" href=\"https:\/\/www.facebook.com\/frederiquebenoit89\" target=\"_blank\">\n\t\t\t\t\t\t<span class=\"elementor-screen-only\">Facebook-f<\/span>\n\t\t\t\t\t\t<svg aria-hidden=\"true\" class=\"e-font-icon-svg e-fab-facebook-f\" viewBox=\"0 0 320 512\" xmlns=\"http:\/\/www.w3.org\/2000\/svg\"><path d=\"M279.14 288l14.22-92.66h-88.91v-60.13c0-25.35 12.42-50.06 52.24-50.06h40.42V6.26S260.43 0 225.36 0c-73.22 0-121.08 44.38-121.08 124.72v70.62H22.89V288h81.39v224h100.17V288z\"><\/path><\/svg>\t\t\t\t\t<\/a>\n\t\t\t\t<\/span>\n\t\t\t\t\t<\/div>\n\t\t\t\t\t\t<\/div>\n\t\t\t\t<\/div>\n\t\t\t\t<\/div>\n\t\t<div class=\"elementor-element elementor-element-6e9bf449 e-con-full e-flex elementor-invisible e-con e-child\" data-id=\"6e9bf449\" data-element_type=\"container\" data-settings=\"{&quot;background_background&quot;:&quot;gradient&quot;,&quot;animation&quot;:&quot;fadeInRight&quot;}\">\n\t\t\t\t<div class=\"elementor-element elementor-element-2a9d7ceb elementor-widget elementor-widget-heading\" data-id=\"2a9d7ceb\" data-element_type=\"widget\" data-widget_type=\"heading.default\">\n\t\t\t\t<div class=\"elementor-widget-container\">\n\t\t\t\t\t<h2 class=\"elementor-heading-title elementor-size-default\">Avisez-moi<\/h2>\t\t\t\t<\/div>\n\t\t\t\t<\/div>\n\t\t\t\t<div class=\"elementor-element elementor-element-29d7a8f9 elementor-widget elementor-widget-heading\" data-id=\"29d7a8f9\" data-element_type=\"widget\" data-widget_type=\"heading.default\">\n\t\t\t\t<div class=\"elementor-widget-container\">\n\t\t\t\t\t<div class=\"elementor-heading-title elementor-size-default\">Entre ton courriel pour \u00eatre avis\u00e9 du lancement et ne rien manquer!<\/div>\t\t\t\t<\/div>\n\t\t\t\t<\/div>\n\t\t\t\t<div class=\"elementor-element elementor-element-79eca9a3 elementor-button-align-stretch elementor-widget elementor-widget-form\" data-id=\"79eca9a3\" data-element_type=\"widget\" data-settings=\"{&quot;step_next_label&quot;:&quot;Next&quot;,&quot;step_previous_label&quot;:&quot;Previous&quot;,&quot;button_width&quot;:&quot;100&quot;,&quot;step_type&quot;:&quot;number_text&quot;,&quot;step_icon_shape&quot;:&quot;circle&quot;}\" data-widget_type=\"form.default\">\n\t\t\t\t<div class=\"elementor-widget-container\">\n\t\t\t\t\t\t\t<form class=\"elementor-form\" method=\"post\" name=\"New Form\" aria-label=\"New Form\">\n\t\t\t<input type=\"hidden\" name=\"post_id\" value=\"334\"\/>\n\t\t\t<input type=\"hidden\" name=\"form_id\" value=\"79eca9a3\"\/>\n\t\t\t<input type=\"hidden\" name=\"referer_title\" value=\"\" \/>\n\n\t\t\t\t\t\t\t<input type=\"hidden\" name=\"queried_id\" value=\"334\"\/>\n\t\t\t\n\t\t\t<div class=\"elementor-form-fields-wrapper elementor-labels-above\">\n\t\t\t\t\t\t\t\t<div class=\"elementor-field-type-text elementor-field-group elementor-column elementor-field-group-name elementor-col-100 elementor-md-100\">\n\t\t\t\t\t\t\t\t\t\t\t\t<label for=\"form-field-name\" class=\"elementor-field-label\">\n\t\t\t\t\t\t\t\tNom\t\t\t\t\t\t\t<\/label>\n\t\t\t\t\t\t\t\t\t\t\t\t\t\t<input size=\"1\" type=\"text\" name=\"form_fields[name]\" id=\"form-field-name\" class=\"elementor-field elementor-size-sm  elementor-field-textual\" placeholder=\"Nom\">\n\t\t\t\t\t\t\t\t\t\t\t<\/div>\n\t\t\t\t\t\t\t\t<div class=\"elementor-field-type-email elementor-field-group elementor-column elementor-field-group-email elementor-col-100 elementor-field-required\">\n\t\t\t\t\t\t\t\t\t\t\t\t<label for=\"form-field-email\" class=\"elementor-field-label\">\n\t\t\t\t\t\t\t\tCourriel\t\t\t\t\t\t\t<\/label>\n\t\t\t\t\t\t\t\t\t\t\t\t\t\t<input size=\"1\" type=\"email\" name=\"form_fields[email]\" id=\"form-field-email\" class=\"elementor-field elementor-size-sm  elementor-field-textual\" placeholder=\"Courriel\" required=\"required\">\n\t\t\t\t\t\t\t\t\t\t\t<\/div>\n\t\t\t\t\t\t\t\t<div class=\"elementor-field-group elementor-column elementor-field-type-submit elementor-col-100 e-form__buttons\">\n\t\t\t\t\t<button class=\"elementor-button elementor-size-sm\" type=\"submit\">\n\t\t\t\t\t\t<span class=\"elementor-button-content-wrapper\">\n\t\t\t\t\t\t\t\t\t\t\t\t\t\t\t<span class=\"elementor-button-icon\">\n\t\t\t\t\t\t\t\t\t<i aria-hidden=\"true\" class=\"icons icon-envelope\"><\/i>\t\t\t\t\t\t\t\t\t\t\t\t\t\t\t\t\t<\/span>\n\t\t\t\t\t\t\t\t\t\t\t\t\t\t\t\t\t\t\t\t\t\t<span class=\"elementor-button-text\">Avisez-moi<\/span>\n\t\t\t\t\t\t\t\t\t\t\t\t\t<\/span>\n\t\t\t\t\t<\/button>\n\t\t\t\t<\/div>\n\t\t\t<\/div>\n\t\t<\/form>\n\t\t\t\t\t\t<\/div>\n\t\t\t\t<\/div>\n\t\t\t\t<\/div>\n\t\t\t\t\t<\/div>\n\t\t\t\t<\/div>\n\t\t\t\t<\/div>\n\t\t","protected":false},"excerpt":{"rendered":"<p>Aligne ton activit\u00e9 \u00e0 la puissance des phases lunaires et transforme ta marque en une identit\u00e9e percutante. M&rsquo;aviser du lancement Les secrets de la lune D\u00e9voil\u00e9s Ne manque pas le lancement du guide Moonshot ! Le guide Moonshot est ton alli\u00e9 pour transformer tes r\u00eaves en r\u00e9alit\u00e9. Il s&rsquo;agit d&rsquo;un guide pratique de d\u00e9veloppement personnel [&hellip;]<\/p>\n","protected":false},"author":1,"featured_media":0,"parent":0,"menu_order":0,"comment_status":"closed","ping_status":"closed","template":"","meta":{"footnotes":""},"class_list":["post-334","page","type-page","status-publish","hentry"],"_links":{"self":[{"href":"https:\/\/frederiquebenoit.ca\/index.php?rest_route=\/wp\/v2\/pages\/334","targetHints":{"allow":["GET"]}}],"collection":[{"href":"https:\/\/frederiquebenoit.ca\/index.php?rest_route=\/wp\/v2\/pages"}],"about":[{"href":"https:\/\/frederiquebenoit.ca\/index.php?rest_route=\/wp\/v2\/types\/page"}],"author":[{"embeddable":true,"href":"https:\/\/frederiquebenoit.ca\/index.php?rest_route=\/wp\/v2\/users\/1"}],"replies":[{"embeddable":true,"href":"https:\/\/frederiquebenoit.ca\/index.php?rest_route=%2Fwp%2Fv2%2Fcomments&post=334"}],"version-history":[{"count":103,"href":"https:\/\/frederiquebenoit.ca\/index.php?rest_route=\/wp\/v2\/pages\/334\/revisions"}],"predecessor-version":[{"id":445,"href":"https:\/\/frederiquebenoit.ca\/index.php?rest_route=\/wp\/v2\/pages\/334\/revisions\/445"}],"wp:attachment":[{"href":"https:\/\/frederiquebenoit.ca\/index.php?rest_route=%2Fwp%2Fv2%2Fmedia&parent=334"}],"curies":[{"name":"wp","href":"https:\/\/api.w.org\/{rel}","templated":true}]}}